{"id":479,"date":"2019-07-01T15:27:50","date_gmt":"2019-07-01T13:27:50","guid":{"rendered":"http:\/\/brm-conseil.fr\/?page_id=479"},"modified":"2020-01-31T12:24:34","modified_gmt":"2020-01-31T11:24:34","slug":"offre","status":"publish","type":"page","link":"https:\/\/brm-conseil.fr\/ro\/oferta\/","title":{"rendered":"Oferta"},"content":{"rendered":"\n\n\n\n\n\n\n\n\n[et_pb_section fb_built=\u00a0\u00bb1&Prime; _builder_version=\u00a0\u00bb3.25.2&Prime;][et_pb_row _builder_version=\u00a0\u00bb3.25.2&Prime;][et_pb_column type=\u00a0\u00bb4_4&Prime; _builder_version=\u00a0\u00bb3.25.2&Prime;][et_pb_text _builder_version=\u00a0\u00bb3.25.2&Prime;]  <script src=\"https:\/\/code.jquery.com\/jquery-1.12.4.js\"><\/script>\r\n<script>\r\nfunction submitUserForm() {\r\n    var response = grecaptcha.getResponse();\r\n    if(response.length == 0) {\r\n        document.getElementById('g-recaptcha-error').innerHTML = '<span style=\"color:red;\">Ce champ rest requis.<\/span>';\r\n        return false;\r\n    }\r\n    return true;\r\n}\r\n \r\nfunction verifyCaptcha() {\r\n    document.getElementById('g-recaptcha-error').innerHTML = '';\r\n}\r\n<\/script>\r\n\r\n\r\n<div class=\"brm-vacancydetail\">\r\n\t<div class=\"brm-vacancydetail-logo\">\r\n\t\t\t<img data-src=\"https:\/\/brm-conseil.fr\/wp-content\/uploads\/2019\/06\/logo-brmconseil.png\" src=\"data:image\/gif;base64,R0lGODlhAQABAAAAACH5BAEKAAEALAAAAAABAAEAAAICTAEAOw==\" class=\"lazyload\" style=\"--smush-placeholder-width: 420px; --smush-placeholder-aspect-ratio: 420\/66;\" \/><noscript><img src=\"https:\/\/brm-conseil.fr\/wp-content\/uploads\/2019\/06\/logo-brmconseil.png\" \/><\/noscript>\r\n\t\t<\/div>\r\n\t<h2 class=\"brm-vacancydetail-title\"><\/h2>\r\n    <div class=\"brm-vacancydetail-section\">\r\n\t\t\r\n\t\t<div class=\"brm-vacancydetail-content\">\r\n                  \r\n        <ul>\r\n        \t \r\n             \r\n        <\/ul>    \r\n\t\t<\/div>\r\n\t<\/div>\r\n\t<div class=\"brm-vacancydetail-section\">\r\n\t\t<h4>L\u2019\u00e9tablissement<\/h4>\r\n\t\t<div class=\"brm-vacancydetail-content\">\r\n\t\t\t\t\t<\/div>\r\n\t<\/div>\r\n\t<div class=\"brm-vacancydetail-section\">\r\n\t\t<h4>Le poste<\/h4>\r\n\t\t<div class=\"brm-vacancydetail-content\">\r\n\t\t\t\t\t<\/div>\r\n\t<\/div>\r\n\t<div class=\"brm-vacancydetail-section\">\r\n\t\t<h4>Le profil<\/h4>\r\n\t\t<div class=\"brm-vacancydetail-content\">\r\n\t\t\t\t\t<\/div>\r\n\t<\/div>\r\n<\/div>\r\n\r\n<div class=\"errorAnswer\" id=\"errorAnswer\">\r\n\t<div class=\"brm-vacancydetail-section\">\r\n\t\t<h4>Votre candidature ne sera pas prise en compte si :<\/h4>\r\n\t\t<div class=\"brm-vacancydetail-content\">\r\n\t\t\t- Vous n'\u00eates pas inscrit \u00e0 l'ordre en France ou dans un Pays membre de l'Union Europ\u00e9enne <\/br>- Vous n'\u00eates pas Laur\u00e9at des EVC pour les Praticiens \u00e0 dipl\u00f4mes hors Union Europ\u00e9enne\r\n\t\t<\/div>\r\n\t<\/div>\r\n<\/div>\r\n<div id=\"applyform\" class=\"brm-vacancyapply-form\">\r\n\t<h4>Postulez \u00e0 cette offre<\/h4>\r\n\t<form method=\"POST\" action=\"\/scripts\/apply.php\" enctype=\"multipart\/form-data\" onsubmit=\"return submitUserForm();\">\r\n\t\t<div class=\"brm-vacancyapply-section brm-required\">\r\n\t\t\t<label for=\"email\">Email<\/label>\r\n\t\t\t<input id=\"email\" type=\"email\" name=\"email\" required\/>\r\n\t\t\t<span class=\"brm-input-error\">L'email saisi est incorrect.<\/span>\r\n\t\t<\/div>\r\n\t\t<div class=\"brm-vacancyapply-section brm-required\">\r\n\t\t\t<label for=\"lastname\">Nom<\/label>\r\n\t\t\t<input id=\"lastname\" type=\"text\" name=\"lastname\" required\/>\r\n\t\t<\/div>\r\n\t\t<div class=\"brm-vacancyapply-section brm-required\">\r\n\t\t\t<label for=\"firstname\">Pr\u00e9nom<\/label>\r\n\t\t\t<input id=\"firstname\" type=\"text\" name=\"firstname\" required\/>\r\n\t\t<\/div>\r\n\t\t<div class=\"brm-vacancyapply-section\">\r\n\t\t\t<label for=\"phonenumber\">T\u00e9l\u00e9phone<\/label>\r\n\t\t\t<input id=\"phonenumber\" type=\"text\" name=\"phonenumber\"\/>\r\n\t\t<\/div>\r\n\t\t<div class=\"brm-vacancyapply-section\">\r\n\t\t\t<label for=\"desiredlocation\">Lieu de travail souhait\u00e9<\/label>\r\n\t\t\t<input id=\"desiredlocation\" type=\"text\" name=\"desiredlocation\"\/>\r\n\t\t<\/div>\r\n\t\t<div class=\"brm-vacancyapply-section\">\r\n\t\t\t<label for=\"skill\">Sp\u00e9cialit\u00e9<\/label>\r\n\t\t\t<input id=\"skill\" type=\"text\" name=\"skill\"\/>\r\n\t\t<\/div>\r\n\t\t<div class=\"brm-vacancyapply-section brm-required\">\r\n\t\t\t<label class=\"brm-label-radio\" for=\"answer1\">Etes-vous inscrit \u00e0 l\u2019ordre des m\u00e9decins en France ou dans un Pays membre de l\u2019Union Europ\u00e9enne ?<\/label>\r\n\t\t\t<div>\r\n\t\t\t\t<input type=\"radio\" id=\"answer1\" name=\"answer1\" value=\"1\" onclick=\"displayError();\">\r\n\t\t\t\t<label for=\"yes\">Oui<\/label>\r\n\t\t\t<\/div>\r\n\t\t\t<div>\r\n\t\t\t\t<input type=\"radio\" id=\"answer1\" name=\"answer1\" value=\"0\" onclick=\"displayError();\">\r\n\t\t\t\t<label for=\"non\">Non<\/label>\r\n\t\t\t<\/div>\r\n\t\t<\/div>\r\n\t\t<div class=\"brm-vacancyapply-section brm-required\">\r\n\t\t\t<label class=\"brm-label-radio\" for=\"answer2\">Etes-vous dipl\u00f4m\u00e9 hors Union Europ\u00e9enne et Laur\u00e9at de la PAE ?<\/label>\r\n\t\t\t<div>\r\n\t\t\t\t<input type=\"radio\" id=\"answer2\" name=\"answer2\" value=\"1\" onclick=\"displayError();\">\r\n\t\t\t\t<label for=\"yes\">Oui<\/label>\r\n\t\t\t<\/div>\r\n\t\t\t<div>\r\n\t\t\t\t<input type=\"radio\" id=\"answer2\" name=\"answer2\" value=\"0\" onclick=\"displayError();\">\r\n\t\t\t\t<label for=\"non\">Non<\/label>\r\n\t\t\t<\/div>\r\n\t\t<\/div>\r\n\t\t<div class=\"brm-vacancyapply-section\">\r\n\t\t\t<input type=\"file\" name=\"cv\" id=\"cv\" class=\"inputfile\"\/>\r\n\t\t\t<label for=\"cv\" class=\"brm-label-file\">\r\n\t\t\t\t<svg xmlns=\"http:\/\/www.w3.org\/2000\/svg\" width=\"20\" height=\"17\" viewBox=\"0 0 20 17\"><path d=\"M10 0l-5.2 4.9h3.3v5.1h3.8v-5.1h3.3l-5.2-4.9zm9.3 11.5l-3.2-2.1h-2l3.4 2.6h-3.5c-.1 0-.2.1-.2.1l-.8 2.3h-6l-.8-2.2c-.1-.1-.1-.2-.2-.2h-3.6l3.4-2.6h-2l-3.2 2.1c-.4.3-.7 1-.6 1.5l.6 3.1c.1.5.7.9 1.2.9h16.3c.6 0 1.1-.4 1.3-.9l.6-3.1c.1-.5-.2-1.2-.7-1.5z\"><\/path><\/svg>\r\n\t\t\t\t<span>Uploader mon CV<\/span>\r\n\t\t\t<\/label>\r\n\t\t<\/div>\r\n\t\t<div class=\"brm-vacancyapply-section brm-required\">\r\n\t\t\t<div class=\"g-recaptcha\" data-sitekey=\"6LdMuckUAAAAAJkzQbWHvU7lmBwoJ7iUj9rgJcRZ\" data-callback=\"verifyCaptcha\"><\/div>\r\n\t\t\t<div id=\"g-recaptcha-error\"><\/div>\r\n\t\t<\/div>\r\n\t\t<input type=\"hidden\" name=\"vacancyId\" value=\"\" \/>\r\n\t\t<div class=\"brm-vacancyapply-button\">\r\n\t\t\t<button id=\"click_offre\" name=\"submit\" type=\"submit\">Postuler<\/button>\r\n\t\t<\/div>\r\n\t\t<p class=\"brm-vacancyapply-help\">\r\n\t\t\tLes champs suivis d'un <span style=\"color:red\">*<\/span> sont obligatoires.\r\n\t\t<\/p>\r\n\t<\/form>\r\n<\/div>\r\n\r\n<script type=\"text\/javascript\">\r\n\t$( \"#errorAnswer\" ).css(\"display\",\"none\");\r\n\t\tfunction displayError(){\r\n\r\n        \tvar answer1 = $('[name=\"answer1\"]:checked').val();\r\n            var answer2 = $('[name=\"answer2\"]:checked').val();\r\n\r\n\t\t \tif(answer1 === \"0\" && answer2 === \"0\"){\r\n    \t\t\t$( \"#applyform\" ).css(\"display\",\"none\");\r\n\t\t\t\t$( \"#errorAnswer\" ).css(\"display\",\"block\");\r\n            }\r\n\t\t}\r\n\r\n<\/script>\r\n\n[\/et_pb_text][\/et_pb_column][\/et_pb_row][\/et_pb_section]\n\n\n\n\n\n\n\n\n","protected":false},"excerpt":{"rendered":"  <script src=\"https:\/\/code.jquery.com\/jquery-1.12.4.js\"><\/script>\r\n<script>\r\nfunction submitUserForm() {\r\n    var response = grecaptcha.getResponse();\r\n    if(response.length == 0) {\r\n        document.getElementById('g-recaptcha-error').innerHTML = '<span style=\"color:red;\">Ce champ rest requis.<\/span>';\r\n        return false;\r\n    }\r\n    return true;\r\n}\r\n \r\nfunction verifyCaptcha() {\r\n    document.getElementById('g-recaptcha-error').innerHTML = '';\r\n}\r\n<\/script>\r\n\r\n\r\n<div class=\"brm-vacancydetail\">\r\n\t<div class=\"brm-vacancydetail-logo\">\r\n\t\t\t<img data-src=\"https:\/\/brm-conseil.fr\/wp-content\/uploads\/2019\/06\/logo-brmconseil.png\" src=\"data:image\/gif;base64,R0lGODlhAQABAAAAACH5BAEKAAEALAAAAAABAAEAAAICTAEAOw==\" class=\"lazyload\" style=\"--smush-placeholder-width: 420px; --smush-placeholder-aspect-ratio: 420\/66;\" \/><noscript><img src=\"https:\/\/brm-conseil.fr\/wp-content\/uploads\/2019\/06\/logo-brmconseil.png\" \/><\/noscript>\r\n\t\t<\/div>\r\n\t<h2 class=\"brm-vacancydetail-title\"><\/h2>\r\n    <div class=\"brm-vacancydetail-section\">\r\n\t\t\r\n\t\t<div class=\"brm-vacancydetail-content\">\r\n                  \r\n        <ul>\r\n        \t \r\n             \r\n        <\/ul>    \r\n\t\t<\/div>\r\n\t<\/div>\r\n\t<div class=\"brm-vacancydetail-section\">\r\n\t\t<h4>L\u2019\u00e9tablissement<\/h4>\r\n\t\t<div class=\"brm-vacancydetail-content\">\r\n\t\t\t\t\t<\/div>\r\n\t<\/div>\r\n\t<div class=\"brm-vacancydetail-section\">\r\n\t\t<h4>Le poste<\/h4>\r\n\t\t<div class=\"brm-vacancydetail-content\">\r\n\t\t\t\t\t<\/div>\r\n\t<\/div>\r\n\t<div class=\"brm-vacancydetail-section\">\r\n\t\t<h4>Le profil<\/h4>\r\n\t\t<div class=\"brm-vacancydetail-content\">\r\n\t\t\t\t\t<\/div>\r\n\t<\/div>\r\n<\/div>\r\n\r\n<div class=\"errorAnswer\" id=\"errorAnswer\">\r\n\t<div class=\"brm-vacancydetail-section\">\r\n\t\t<h4>Votre candidature ne sera pas prise en compte si :<\/h4>\r\n\t\t<div class=\"brm-vacancydetail-content\">\r\n\t\t\t- Vous n'\u00eates pas inscrit \u00e0 l'ordre en France ou dans un Pays membre de l'Union Europ\u00e9enne <\/br>- Vous n'\u00eates pas Laur\u00e9at des EVC pour les Praticiens \u00e0 dipl\u00f4mes hors Union Europ\u00e9enne\r\n\t\t<\/div>\r\n\t<\/div>\r\n<\/div>\r\n<div id=\"applyform\" class=\"brm-vacancyapply-form\">\r\n\t<h4>Postulez \u00e0 cette offre<\/h4>\r\n\t<form method=\"POST\" action=\"\/scripts\/apply.php\" enctype=\"multipart\/form-data\" onsubmit=\"return submitUserForm();\">\r\n\t\t<div class=\"brm-vacancyapply-section brm-required\">\r\n\t\t\t<label for=\"email\">Email<\/label>\r\n\t\t\t<input id=\"email\" type=\"email\" name=\"email\" required\/>\r\n\t\t\t<span class=\"brm-input-error\">L'email saisi est incorrect.<\/span>\r\n\t\t<\/div>\r\n\t\t<div class=\"brm-vacancyapply-section brm-required\">\r\n\t\t\t<label for=\"lastname\">Nom<\/label>\r\n\t\t\t<input id=\"lastname\" type=\"text\" name=\"lastname\" required\/>\r\n\t\t<\/div>\r\n\t\t<div class=\"brm-vacancyapply-section brm-required\">\r\n\t\t\t<label for=\"firstname\">Pr\u00e9nom<\/label>\r\n\t\t\t<input id=\"firstname\" type=\"text\" name=\"firstname\" required\/>\r\n\t\t<\/div>\r\n\t\t<div class=\"brm-vacancyapply-section\">\r\n\t\t\t<label for=\"phonenumber\">T\u00e9l\u00e9phone<\/label>\r\n\t\t\t<input id=\"phonenumber\" type=\"text\" name=\"phonenumber\"\/>\r\n\t\t<\/div>\r\n\t\t<div class=\"brm-vacancyapply-section\">\r\n\t\t\t<label for=\"desiredlocation\">Lieu de travail souhait\u00e9<\/label>\r\n\t\t\t<input id=\"desiredlocation\" type=\"text\" name=\"desiredlocation\"\/>\r\n\t\t<\/div>\r\n\t\t<div class=\"brm-vacancyapply-section\">\r\n\t\t\t<label for=\"skill\">Sp\u00e9cialit\u00e9<\/label>\r\n\t\t\t<input id=\"skill\" type=\"text\" name=\"skill\"\/>\r\n\t\t<\/div>\r\n\t\t<div class=\"brm-vacancyapply-section brm-required\">\r\n\t\t\t<label class=\"brm-label-radio\" for=\"answer1\">Etes-vous inscrit \u00e0 l\u2019ordre des m\u00e9decins en France ou dans un Pays membre de l\u2019Union Europ\u00e9enne ?<\/label>\r\n\t\t\t<div>\r\n\t\t\t\t<input type=\"radio\" id=\"answer1\" name=\"answer1\" value=\"1\" onclick=\"displayError();\">\r\n\t\t\t\t<label for=\"yes\">Oui<\/label>\r\n\t\t\t<\/div>\r\n\t\t\t<div>\r\n\t\t\t\t<input type=\"radio\" id=\"answer1\" name=\"answer1\" value=\"0\" onclick=\"displayError();\">\r\n\t\t\t\t<label for=\"non\">Non<\/label>\r\n\t\t\t<\/div>\r\n\t\t<\/div>\r\n\t\t<div class=\"brm-vacancyapply-section brm-required\">\r\n\t\t\t<label class=\"brm-label-radio\" for=\"answer2\">Etes-vous dipl\u00f4m\u00e9 hors Union Europ\u00e9enne et Laur\u00e9at de la PAE ?<\/label>\r\n\t\t\t<div>\r\n\t\t\t\t<input type=\"radio\" id=\"answer2\" name=\"answer2\" value=\"1\" onclick=\"displayError();\">\r\n\t\t\t\t<label for=\"yes\">Oui<\/label>\r\n\t\t\t<\/div>\r\n\t\t\t<div>\r\n\t\t\t\t<input type=\"radio\" id=\"answer2\" name=\"answer2\" value=\"0\" onclick=\"displayError();\">\r\n\t\t\t\t<label for=\"non\">Non<\/label>\r\n\t\t\t<\/div>\r\n\t\t<\/div>\r\n\t\t<div class=\"brm-vacancyapply-section\">\r\n\t\t\t<input type=\"file\" name=\"cv\" id=\"cv\" class=\"inputfile\"\/>\r\n\t\t\t<label for=\"cv\" class=\"brm-label-file\">\r\n\t\t\t\t<svg xmlns=\"http:\/\/www.w3.org\/2000\/svg\" width=\"20\" height=\"17\" viewBox=\"0 0 20 17\"><path d=\"M10 0l-5.2 4.9h3.3v5.1h3.8v-5.1h3.3l-5.2-4.9zm9.3 11.5l-3.2-2.1h-2l3.4 2.6h-3.5c-.1 0-.2.1-.2.1l-.8 2.3h-6l-.8-2.2c-.1-.1-.1-.2-.2-.2h-3.6l3.4-2.6h-2l-3.2 2.1c-.4.3-.7 1-.6 1.5l.6 3.1c.1.5.7.9 1.2.9h16.3c.6 0 1.1-.4 1.3-.9l.6-3.1c.1-.5-.2-1.2-.7-1.5z\"><\/path><\/svg>\r\n\t\t\t\t<span>Uploader mon CV<\/span>\r\n\t\t\t<\/label>\r\n\t\t<\/div>\r\n\t\t<div class=\"brm-vacancyapply-section brm-required\">\r\n\t\t\t<div class=\"g-recaptcha\" data-sitekey=\"6LdMuckUAAAAAJkzQbWHvU7lmBwoJ7iUj9rgJcRZ\" data-callback=\"verifyCaptcha\"><\/div>\r\n\t\t\t<div id=\"g-recaptcha-error\"><\/div>\r\n\t\t<\/div>\r\n\t\t<input type=\"hidden\" name=\"vacancyId\" value=\"\" \/>\r\n\t\t<div class=\"brm-vacancyapply-button\">\r\n\t\t\t<button id=\"click_offre\" name=\"submit\" type=\"submit\">Postuler<\/button>\r\n\t\t<\/div>\r\n\t\t<p class=\"brm-vacancyapply-help\">\r\n\t\t\tLes champs suivis d'un <span style=\"color:red\">*<\/span> sont obligatoires.\r\n\t\t<\/p>\r\n\t<\/form>\r\n<\/div>\r\n\r\n<script type=\"text\/javascript\">\r\n\t$( \"#errorAnswer\" ).css(\"display\",\"none\");\r\n\t\tfunction displayError(){\r\n\r\n        \tvar answer1 = $('[name=\"answer1\"]:checked').val();\r\n            var answer2 = $('[name=\"answer2\"]:checked').val();\r\n\r\n\t\t \tif(answer1 === \"0\" && answer2 === \"0\"){\r\n    \t\t\t$( \"#applyform\" ).css(\"display\",\"none\");\r\n\t\t\t\t$( \"#errorAnswer\" ).css(\"display\",\"block\");\r\n            }\r\n\t\t}\r\n\r\n<\/script>\r\n\n","protected":false},"author":1,"featured_media":0,"parent":0,"menu_order":0,"comment_status":"closed","ping_status":"closed","template":"","meta":{"_et_pb_use_builder":"on","_et_pb_old_content":"","_et_gb_content_width":""},"yoast_head":"<!-- This site is optimized with the Yoast SEO plugin v19.4 - https:\/\/yoast.com\/wordpress\/plugins\/seo\/ -->\n<title>Annonces m\u00e9dicales et offres d&#039;emploi sant\u00e9 - BRM Conseil<\/title>\n<meta name=\"description\" content=\"Retrouvez toutes nos annonces m\u00e9dicales et offres d&#039;emploi pour m\u00e9decin et professionnels de la sant\u00e9 en France et DOM-TOM avec BRM Conseil\" \/>\n<meta name=\"robots\" content=\"index, follow, max-snippet:-1, max-image-preview:large, max-video-preview:-1\" \/>\n<link rel=\"canonical\" href=\"https:\/\/brm-conseil.fr\/ro\/wp-json\/wp\/v2\/pages\/479\" \/>\n<meta property=\"og:locale\" content=\"ro_RO\" \/>\n<meta property=\"og:type\" content=\"article\" \/>\n<meta property=\"og:title\" content=\"Offre\" \/>\n<meta property=\"og:description\" content=\"Offre BRM Conseil\" \/>\n<meta property=\"og:url\" content=\"https:\/\/brm-conseil.fr\/ro\/wp-json\/wp\/v2\/pages\/479\" \/>\n<meta property=\"og:site_name\" content=\"BRM Conseil\" \/>\n<meta property=\"article:modified_time\" content=\"2020-01-31T11:24:34+00:00\" \/>\n<meta property=\"og:image\" content=\"https:\/\/brm-conseil.fr\/wp-content\/uploads\/2020\/01\/LinkedIn_Brm-Conseil.png\" \/>\n\t<meta property=\"og:image:width\" content=\"1200\" \/>\n\t<meta property=\"og:image:height\" content=\"624\" \/>\n\t<meta property=\"og:image:type\" content=\"image\/png\" \/>\n<meta name=\"twitter:card\" content=\"summary_large_image\" \/>\n<meta name=\"twitter:image\" content=\"https:\/\/brm-conseil.fr\/wp-content\/uploads\/2020\/01\/Twitter_Brm-conseil_v4.png\" \/>\n<script type=\"application\/ld+json\" class=\"yoast-schema-graph\">{\"@context\":\"https:\/\/schema.org\",\"@graph\":[{\"@type\":\"Organization\",\"@id\":\"https:\/\/brm-conseil.fr\/fr\/#organization\",\"name\":\"BRM Conseil\",\"url\":\"https:\/\/brm-conseil.fr\/fr\/\",\"sameAs\":[],\"logo\":{\"@type\":\"ImageObject\",\"inLanguage\":\"ro-RO\",\"@id\":\"https:\/\/brm-conseil.fr\/fr\/#\/schema\/logo\/image\/\",\"url\":\"https:\/\/brm-conseil.fr\/wp-content\/uploads\/2019\/06\/logo-brmconseil.png\",\"contentUrl\":\"https:\/\/brm-conseil.fr\/wp-content\/uploads\/2019\/06\/logo-brmconseil.png\",\"width\":420,\"height\":66,\"caption\":\"BRM Conseil\"},\"image\":{\"@id\":\"https:\/\/brm-conseil.fr\/fr\/#\/schema\/logo\/image\/\"}},{\"@type\":\"WebSite\",\"@id\":\"https:\/\/brm-conseil.fr\/fr\/#website\",\"url\":\"https:\/\/brm-conseil.fr\/fr\/\",\"name\":\"BrmConseil\",\"description\":\"Sp\u00e9cialiste du recrutement m\u00e9dical\",\"publisher\":{\"@id\":\"https:\/\/brm-conseil.fr\/fr\/#organization\"},\"potentialAction\":[{\"@type\":\"SearchAction\",\"target\":{\"@type\":\"EntryPoint\",\"urlTemplate\":\"https:\/\/brm-conseil.fr\/fr\/?s={search_term_string}\"},\"query-input\":\"required name=search_term_string\"}],\"inLanguage\":\"ro-RO\"},{\"@type\":\"WebPage\",\"@id\":\"https:\/\/brm-conseil.fr\/ro\/oferta\/\",\"url\":\"https:\/\/brm-conseil.fr\/ro\/oferta\/\",\"name\":\"Annonces m\u00e9dicales et offres d'emploi sant\u00e9 - BRM Conseil\",\"isPartOf\":{\"@id\":\"https:\/\/brm-conseil.fr\/fr\/#website\"},\"datePublished\":\"2019-07-01T13:27:50+00:00\",\"dateModified\":\"2020-01-31T11:24:34+00:00\",\"description\":\"Retrouvez toutes nos annonces m\u00e9dicales et offres d'emploi pour m\u00e9decin et professionnels de la sant\u00e9 en France et DOM-TOM avec BRM Conseil\",\"breadcrumb\":{\"@id\":\"https:\/\/brm-conseil.fr\/ro\/oferta\/#breadcrumb\"},\"inLanguage\":\"ro-RO\",\"potentialAction\":[{\"@type\":\"ReadAction\",\"target\":[\"https:\/\/brm-conseil.fr\/ro\/oferta\/\"]}]},{\"@type\":\"BreadcrumbList\",\"@id\":\"https:\/\/brm-conseil.fr\/ro\/oferta\/#breadcrumb\",\"itemListElement\":[{\"@type\":\"ListItem\",\"position\":1,\"name\":\"Accueil\",\"item\":\"https:\/\/brm-conseil.fr\/fr\/\"},{\"@type\":\"ListItem\",\"position\":2,\"name\":\"Offre\"}]}]}<\/script>\n<!-- \/ Yoast SEO plugin. -->","yoast_head_json":{"title":"Anun\u021buri medicale \u0219i oferte de locuri de munc\u0103 \u00een domeniul s\u0103n\u0103t\u0103\u021bii - BRM Conseil","description":"G\u0103si\u021bi toate anun\u021burile noastre medicale \u0219i ofertele de munc\u0103 pentru medici \u0219i profesioni\u0219ti din domeniul s\u0103n\u0103t\u0103\u021bii \u00een Fran\u021ba \u0219i \u00een departamentele \u0219i teritoriile franceze de peste m\u0103ri \u0219i de uscat cu BRM Conseil.","robots":{"index":"index","follow":"follow","max-snippet":"max-snippet:-1","max-image-preview":"max-image-preview:large","max-video-preview":"max-video-preview:-1"},"canonical":"https:\/\/brm-conseil.fr\/ro\/wp-json\/wp\/v2\/pages\/479","og_locale":"ro_RO","og_type":"article","og_title":"Offre","og_description":"Offre BRM Conseil","og_url":"https:\/\/brm-conseil.fr\/ro\/wp-json\/wp\/v2\/pages\/479","og_site_name":"BRM Conseil","article_modified_time":"2020-01-31T11:24:34+00:00","og_image":[{"width":1200,"height":624,"url":"https:\/\/brm-conseil.fr\/wp-content\/uploads\/2020\/01\/LinkedIn_Brm-Conseil.png","type":"image\/png"}],"twitter_card":"summary_large_image","twitter_image":"https:\/\/brm-conseil.fr\/wp-content\/uploads\/2020\/01\/Twitter_Brm-conseil_v4.png","schema":{"@context":"https:\/\/schema.org","@graph":[{"@type":"Organization","@id":"https:\/\/brm-conseil.fr\/fr\/#organization","name":"BRM Conseil","url":"https:\/\/brm-conseil.fr\/fr\/","sameAs":[],"logo":{"@type":"ImageObject","inLanguage":"ro-RO","@id":"https:\/\/brm-conseil.fr\/fr\/#\/schema\/logo\/image\/","url":"https:\/\/brm-conseil.fr\/wp-content\/uploads\/2019\/06\/logo-brmconseil.png","contentUrl":"https:\/\/brm-conseil.fr\/wp-content\/uploads\/2019\/06\/logo-brmconseil.png","width":420,"height":66,"caption":"BRM Conseil"},"image":{"@id":"https:\/\/brm-conseil.fr\/fr\/#\/schema\/logo\/image\/"}},{"@type":"WebSite","@id":"https:\/\/brm-conseil.fr\/fr\/#website","url":"https:\/\/brm-conseil.fr\/fr\/","name":"BrmConseil","description":"Specialist \u00een recrutare medical\u0103","publisher":{"@id":"https:\/\/brm-conseil.fr\/fr\/#organization"},"potentialAction":[{"@type":"SearchAction","target":{"@type":"EntryPoint","urlTemplate":"https:\/\/brm-conseil.fr\/fr\/?s={search_term_string}"},"query-input":"required name=search_term_string"}],"inLanguage":"ro-RO"},{"@type":"WebPage","@id":"https:\/\/brm-conseil.fr\/ro\/oferta\/","url":"https:\/\/brm-conseil.fr\/ro\/oferta\/","name":"Anun\u021buri medicale \u0219i oferte de locuri de munc\u0103 \u00een domeniul s\u0103n\u0103t\u0103\u021bii - BRM Conseil","isPartOf":{"@id":"https:\/\/brm-conseil.fr\/fr\/#website"},"datePublished":"2019-07-01T13:27:50+00:00","dateModified":"2020-01-31T11:24:34+00:00","description":"G\u0103si\u021bi toate anun\u021burile noastre medicale \u0219i ofertele de munc\u0103 pentru medici \u0219i profesioni\u0219ti din domeniul s\u0103n\u0103t\u0103\u021bii \u00een Fran\u021ba \u0219i \u00een departamentele \u0219i teritoriile franceze de peste m\u0103ri \u0219i de uscat cu BRM Conseil.","breadcrumb":{"@id":"https:\/\/brm-conseil.fr\/ro\/oferta\/#breadcrumb"},"inLanguage":"ro-RO","potentialAction":[{"@type":"ReadAction","target":["https:\/\/brm-conseil.fr\/ro\/oferta\/"]}]},{"@type":"BreadcrumbList","@id":"https:\/\/brm-conseil.fr\/ro\/oferta\/#breadcrumb","itemListElement":[{"@type":"ListItem","position":1,"name":"Accueil","item":"https:\/\/brm-conseil.fr\/fr\/"},{"@type":"ListItem","position":2,"name":"Offre"}]}]}},"_links":{"self":[{"href":"https:\/\/brm-conseil.fr\/ro\/wp-json\/wp\/v2\/pages\/479"}],"collection":[{"href":"https:\/\/brm-conseil.fr\/ro\/wp-json\/wp\/v2\/pages"}],"about":[{"href":"https:\/\/brm-conseil.fr\/ro\/wp-json\/wp\/v2\/types\/page"}],"author":[{"embeddable":true,"href":"https:\/\/brm-conseil.fr\/ro\/wp-json\/wp\/v2\/users\/1"}],"replies":[{"embeddable":true,"href":"https:\/\/brm-conseil.fr\/ro\/wp-json\/wp\/v2\/comments?post=479"}],"version-history":[{"count":3,"href":"https:\/\/brm-conseil.fr\/ro\/wp-json\/wp\/v2\/pages\/479\/revisions"}],"predecessor-version":[{"id":624,"href":"https:\/\/brm-conseil.fr\/ro\/wp-json\/wp\/v2\/pages\/479\/revisions\/624"}],"wp:attachment":[{"href":"https:\/\/brm-conseil.fr\/ro\/wp-json\/wp\/v2\/media?parent=479"}],"curies":[{"name":"wp","href":"https:\/\/api.w.org\/{rel}","templated":true}]}}