{"id":2680,"date":"2020-02-10T17:30:33","date_gmt":"2020-02-10T16:30:33","guid":{"rendered":"https:\/\/brm-conseil.fr\/?page_id=2680"},"modified":"2020-04-23T15:48:12","modified_gmt":"2020-04-23T13:48:12","slug":"blog-brm-conseil-es","status":"publish","type":"page","link":"https:\/\/brm-conseil.fr\/ro\/blog-brm-conseil-es\/","title":{"rendered":"Blog"},"content":{"rendered":"\n\n\n[et_pb_section fb_built=\u00a0\u00bb1&Prime; admin_label=\u00a0\u00bbPage Title Section\u00a0\u00bb _builder_version=\u00a0\u00bb3.25.2&Prime; use_background_color_gradient=\u00a0\u00bbon\u00a0\u00bb background_color_gradient_start=\u00a0\u00bb#313e47&Prime; background_color_gradient_end=\u00a0\u00bbrgba(49,62,71,0.5)\u00a0\u00bb background_color_gradient_overlays_image=\u00a0\u00bbon\u00a0\u00bb background_image=\u00a0\u00bbhttps:\/\/brm-conseil.fr\/wp-content\/uploads\/2019\/06\/law-firm-24.jpg\u00a0\u00bb custom_padding=\u00a0\u00bb120px||120px|\u00a0\u00bb][et_pb_row admin_label=\u00a0\u00bbPage Title Area\u00a0\u00bb _builder_version=\u00a0\u00bb4.0.3&Prime; background_size=\u00a0\u00bbinitial\u00a0\u00bb background_position=\u00a0\u00bbtop_left\u00a0\u00bb background_repeat=\u00a0\u00bbrepeat\u00a0\u00bb width_tablet=\u00a0\u00bb85%\u00a0\u00bb width_phone=\u00a0\u00bb90%\u00a0\u00bb width_last_edited=\u00a0\u00bbon|phone\u00a0\u00bb][et_pb_column type=\u00a0\u00bb4_4&Prime; _builder_version=\u00a0\u00bb3.25&Prime; custom_padding=\u00a0\u00bb|||\u00a0\u00bb custom_padding__hover=\u00a0\u00bb|||\u00a0\u00bb][et_pb_text admin_label=\u00a0\u00bbPage Title\u00a0\u00bb _builder_version=\u00a0\u00bb4.0.3&Prime; text_font=\u00a0\u00bb||||||||\u00a0\u00bb text_text_color=\u00a0\u00bb#ffffff\u00a0\u00bb text_font_size=\u00a0\u00bb18px\u00a0\u00bb text_line_height=\u00a0\u00bb2em\u00a0\u00bb header_font=\u00a0\u00bbOpen Sans|700|||||||\u00a0\u00bb header_line_height=\u00a0\u00bb1.6em\u00a0\u00bb text_orientation=\u00a0\u00bbcenter\u00a0\u00bb background_layout=\u00a0\u00bbdark\u00a0\u00bb max_width=\u00a0\u00bb700px\u00a0\u00bb module_alignment=\u00a0\u00bbcenter\u00a0\u00bb custom_margin=\u00a0\u00bb||10px|\u00a0\u00bb animation_style=\u00a0\u00bbfade\u00a0\u00bb hover_enabled=\u00a0\u00bb0&Prime; header_font_size_tablet=\u00a0\u00bb40px\u00a0\u00bb header_font_size_phone=\u00a0\u00bb\u00a0\u00bb header_font_size_last_edited=\u00a0\u00bbon|desktop\u00a0\u00bb]<h1>El blog BRM Conseil<\/h1>[\/et_pb_text][et_pb_text _builder_version=\u00a0\u00bb4.0.3&Prime; text_text_color=\u00a0\u00bb#ffffff\u00a0\u00bb text_font_size=\u00a0\u00bb22px\u00a0\u00bb text_line_height=\u00a0\u00bb1.8em\u00a0\u00bb text_orientation=\u00a0\u00bbcenter\u00a0\u00bb width_tablet=\u00a0\u00bb\u00a0\u00bb width_phone=\u00a0\u00bb\u00a0\u00bb width_last_edited=\u00a0\u00bbon|phone\u00a0\u00bb hover_enabled=\u00a0\u00bb0&Prime; text_font_size_tablet=\u00a0\u00bb20px\u00a0\u00bb text_font_size_phone=\u00a0\u00bb16px\u00a0\u00bb text_font_size_last_edited=\u00a0\u00bbon|phone\u00a0\u00bb]<p>Mant\u00e9ngase informado de las \u00faltimas noticias del mundo de la medicina y la contrataci\u00f3n m\u00e9dica gracias a nuestro blog <a href=\"https:\/\/brm-conseil.fr\/es-inicio\/\">BRM Conseil<\/a>.<\/p>[\/et_pb_text][\/et_pb_column][\/et_pb_row][\/et_pb_section][et_pb_section fb_built=\u00a0\u00bb1&Prime; custom_padding_last_edited=\u00a0\u00bbon|desktop\u00a0\u00bb admin_label=\u00a0\u00bbLatest News Section\u00a0\u00bb _builder_version=\u00a0\u00bb4.0.3&Prime; background_color=\u00a0\u00bb#f7f7f7&Prime; custom_padding=\u00a0\u00bb40px||140px||false|false\u00a0\u00bb custom_padding_tablet=\u00a0\u00bb\u00a0\u00bb custom_padding_phone=\u00a0\u00bb\u00a0\u00bb][et_pb_row _builder_version=\u00a0\u00bb3.25.2&Prime; max_width=\u00a0\u00bb1280px\u00a0\u00bb][et_pb_column type=\u00a0\u00bb4_4&Prime; _builder_version=\u00a0\u00bb3.25.2&Prime;][et_pb_text _builder_version=\u00a0\u00bb4.0.3&Prime; header_font=\u00a0\u00bb||||||||\u00a0\u00bb header_2_font=\u00a0\u00bb|600|||||||\u00a0\u00bb header_2_text_color=\u00a0\u00bb#0c71c3&Prime; hover_enabled=\u00a0\u00bb0&Prime;]<h2 style=\"text-align: center;\">Nuestros \u00faltimos art\u00edculos<\/h2>[\/et_pb_text][et_pb_divider color=\u00a0\u00bb#0c71c3&Prime; divider_weight=\u00a0\u00bb4px\u00a0\u00bb _builder_version=\u00a0\u00bb3.25.2&Prime; width=\u00a0\u00bb7%\u00a0\u00bb width_tablet=\u00a0\u00bb10%\u00a0\u00bb width_phone=\u00a0\u00bb15%\u00a0\u00bb width_last_edited=\u00a0\u00bbon|desktop\u00a0\u00bb module_alignment=\u00a0\u00bbcenter\u00a0\u00bb custom_margin=\u00a0\u00bb-30px||\u00a0\u00bb][\/et_pb_divider][\/et_pb_column][\/et_pb_row][et_pb_row admin_label=\u00a0\u00bbLatest News Area\u00a0\u00bb _builder_version=\u00a0\u00bb3.25.2&Prime; max_width=\u00a0\u00bb1280px\u00a0\u00bb custom_padding=\u00a0\u00bb20px||0px|\u00a0\u00bb use_custom_width=\u00a0\u00bbon\u00a0\u00bb custom_width_px=\u00a0\u00bb1280px\u00a0\u00bb][et_pb_column type=\u00a0\u00bb4_4&Prime; _builder_version=\u00a0\u00bb3.25&Prime; custom_padding=\u00a0\u00bb|||\u00a0\u00bb custom_padding__hover=\u00a0\u00bb|||\u00a0\u00bb][et_pb_blog fullwidth=\u00a0\u00bboff\u00a0\u00bb posts_number=\u00a0\u00bb9&Prime; include_categories=\u00a0\u00bball\u00a0\u00bb meta_date=\u00a0\u00bbj F Y\u00a0\u00bb show_more=\u00a0\u00bbon\u00a0\u00bb show_author=\u00a0\u00bboff\u00a0\u00bb _builder_version=\u00a0\u00bb4.0.3&Prime; header_font=\u00a0\u00bbOpen Sans|600|||||||\u00a0\u00bb header_line_height=\u00a0\u00bb1.4em\u00a0\u00bb body_font=\u00a0\u00bb||||||||\u00a0\u00bb body_line_height=\u00a0\u00bb1.9em\u00a0\u00bb meta_font=\u00a0\u00bb||||||||\u00a0\u00bb meta_text_color=\u00a0\u00bb#dddddd\u00a0\u00bb pagination_font=\u00a0\u00bb|700||on|||||\u00a0\u00bb pagination_text_color=\u00a0\u00bb#0c71c3&Prime; pagination_font_size=\u00a0\u00bb16px\u00a0\u00bb pagination_letter_spacing=\u00a0\u00bb1px\u00a0\u00bb animation_style=\u00a0\u00bbfade\u00a0\u00bb border_width_all=\u00a0\u00bb0px\u00a0\u00bb border_color_all=\u00a0\u00bb#d8d8d8&Prime; border_style_all=\u00a0\u00bbsolid\u00a0\u00bb border_width_all_fullwidth=\u00a0\u00bb1px\u00a0\u00bb border_color_all_fullwidth=\u00a0\u00bb#d8d8d8&Prime; border_style_all_fullwidth=\u00a0\u00bbsolid\u00a0\u00bb box_shadow_style=\u00a0\u00bbpreset1&Prime; box_shadow_vertical=\u00a0\u00bb15px\u00a0\u00bb box_shadow_blur=\u00a0\u00bb60px\u00a0\u00bb box_shadow_color=\u00a0\u00bbrgba(29,61,71,0.2)\u00a0\u00bb use_border_color=\u00a0\u00bbon\u00a0\u00bb][\/et_pb_blog][\/et_pb_column][\/et_pb_row][\/et_pb_section]\n\n\n","protected":false},"excerpt":{"rendered":"<p>El blog BRM ConseilMant\u00e9ngase informado de las \u00faltimas noticias del mundo de la medicina y la contrataci\u00f3n m\u00e9dica gracias a nuestro blog BRM Conseil.Nuestros \u00faltimos art\u00edculos<\/p>","protected":false},"author":2,"featured_media":0,"parent":0,"menu_order":0,"comment_status":"closed","ping_status":"closed","template":"","meta":{"_et_pb_use_builder":"on","_et_pb_old_content":"","_et_gb_content_width":""},"yoast_head":"<!-- This site is optimized with the Yoast SEO plugin v19.4 - https:\/\/yoast.com\/wordpress\/plugins\/seo\/ -->\n<title>El blog BRM Conseil, especialista en reclutamiento m\u00e9dico<\/title>\n<meta name=\"description\" content=\"Encuentre nuestros consejos y las \u00faltimas noticias del sector m\u00e9dico en el blog de informaci\u00f3n y salud de BRM Conseil, especialista en reclutamiento m\u00e9dico\" \/>\n<meta name=\"robots\" content=\"index, follow, max-snippet:-1, max-image-preview:large, max-video-preview:-1\" \/>\n<link rel=\"canonical\" href=\"https:\/\/brm-conseil.fr\/ro\/wp-json\/wp\/v2\/pages\/2680\" \/>\n<meta property=\"og:locale\" content=\"ro_RO\" \/>\n<meta property=\"og:type\" content=\"article\" \/>\n<meta property=\"og:title\" content=\"El blog BRM Conseil, especialista en reclutamiento m\u00e9dico\" \/>\n<meta property=\"og:description\" content=\"Encuentre nuestros consejos y las \u00faltimas noticias del sector m\u00e9dico en el blog de informaci\u00f3n y salud de BRM Conseil, especialista en reclutamiento m\u00e9dico\" \/>\n<meta property=\"og:url\" content=\"https:\/\/brm-conseil.fr\/ro\/wp-json\/wp\/v2\/pages\/2680\" \/>\n<meta property=\"og:site_name\" content=\"BRM Conseil\" \/>\n<meta property=\"article:modified_time\" content=\"2020-04-23T13:48:12+00:00\" \/>\n<meta property=\"og:image\" content=\"https:\/\/brm-conseil.fr\/wp-content\/uploads\/2020\/01\/LinkedIn_Brm-Conseil.png\" \/>\n\t<meta property=\"og:image:width\" content=\"420\" \/>\n\t<meta property=\"og:image:height\" content=\"66\" \/>\n\t<meta property=\"og:image:type\" content=\"image\/png\" \/>\n<meta name=\"twitter:card\" content=\"summary_large_image\" \/>\n<meta name=\"twitter:label1\" content=\"Timp estimat pentru citire\" \/>\n\t<meta name=\"twitter:data1\" content=\"3 minute\" \/>\n<script type=\"application\/ld+json\" class=\"yoast-schema-graph\">{\"@context\":\"https:\/\/schema.org\",\"@graph\":[{\"@type\":\"Organization\",\"@id\":\"https:\/\/brm-conseil.fr\/fr\/#organization\",\"name\":\"BRM Conseil\",\"url\":\"https:\/\/brm-conseil.fr\/fr\/\",\"sameAs\":[],\"logo\":{\"@type\":\"ImageObject\",\"inLanguage\":\"ro-RO\",\"@id\":\"https:\/\/brm-conseil.fr\/fr\/#\/schema\/logo\/image\/\",\"url\":\"https:\/\/brm-conseil.fr\/wp-content\/uploads\/2019\/06\/logo-brmconseil.png\",\"contentUrl\":\"https:\/\/brm-conseil.fr\/wp-content\/uploads\/2019\/06\/logo-brmconseil.png\",\"width\":420,\"height\":66,\"caption\":\"BRM Conseil\"},\"image\":{\"@id\":\"https:\/\/brm-conseil.fr\/fr\/#\/schema\/logo\/image\/\"}},{\"@type\":\"WebSite\",\"@id\":\"https:\/\/brm-conseil.fr\/fr\/#website\",\"url\":\"https:\/\/brm-conseil.fr\/fr\/\",\"name\":\"BrmConseil\",\"description\":\"Sp\u00e9cialiste du recrutement m\u00e9dical\",\"publisher\":{\"@id\":\"https:\/\/brm-conseil.fr\/fr\/#organization\"},\"potentialAction\":[{\"@type\":\"SearchAction\",\"target\":{\"@type\":\"EntryPoint\",\"urlTemplate\":\"https:\/\/brm-conseil.fr\/fr\/?s={search_term_string}\"},\"query-input\":\"required name=search_term_string\"}],\"inLanguage\":\"ro-RO\"},{\"@type\":\"WebPage\",\"@id\":\"https:\/\/brm-conseil.fr\/fr\/blog-brm-conseil-es\/\",\"url\":\"https:\/\/brm-conseil.fr\/fr\/blog-brm-conseil-es\/\",\"name\":\"El blog BRM Conseil, especialista en reclutamiento m\u00e9dico\",\"isPartOf\":{\"@id\":\"https:\/\/brm-conseil.fr\/fr\/#website\"},\"datePublished\":\"2020-02-10T16:30:33+00:00\",\"dateModified\":\"2020-04-23T13:48:12+00:00\",\"description\":\"Encuentre nuestros consejos y las \u00faltimas noticias del sector m\u00e9dico en el blog de informaci\u00f3n y salud de BRM Conseil, especialista en reclutamiento m\u00e9dico\",\"breadcrumb\":{\"@id\":\"https:\/\/brm-conseil.fr\/fr\/blog-brm-conseil-es\/#breadcrumb\"},\"inLanguage\":\"ro-RO\",\"potentialAction\":[{\"@type\":\"ReadAction\",\"target\":[\"https:\/\/brm-conseil.fr\/fr\/blog-brm-conseil-es\/\"]}]},{\"@type\":\"BreadcrumbList\",\"@id\":\"https:\/\/brm-conseil.fr\/fr\/blog-brm-conseil-es\/#breadcrumb\",\"itemListElement\":[{\"@type\":\"ListItem\",\"position\":1,\"name\":\"Accueil\",\"item\":\"https:\/\/brm-conseil.fr\/fr\/\"},{\"@type\":\"ListItem\",\"position\":2,\"name\":\"Blog\"}]}]}<\/script>\n<!-- \/ Yoast SEO plugin. -->","yoast_head_json":{"title":"El blog BRM Conseil, especialista en reclutamiento m\u00e9dico","description":"Encuentre nuestros consejos y las \u00faltimas noticias del sector m\u00e9dico en el blog de informaci\u00f3n y salud de BRM Conseil, especialista en reclutamiento m\u00e9dico","robots":{"index":"index","follow":"follow","max-snippet":"max-snippet:-1","max-image-preview":"max-image-preview:large","max-video-preview":"max-video-preview:-1"},"canonical":"https:\/\/brm-conseil.fr\/ro\/wp-json\/wp\/v2\/pages\/2680","og_locale":"ro_RO","og_type":"article","og_title":"El blog BRM Conseil, especialista en reclutamiento m\u00e9dico","og_description":"Encuentre nuestros consejos y las \u00faltimas noticias del sector m\u00e9dico en el blog de informaci\u00f3n y salud de BRM Conseil, especialista en reclutamiento m\u00e9dico","og_url":"https:\/\/brm-conseil.fr\/ro\/wp-json\/wp\/v2\/pages\/2680","og_site_name":"BRM Conseil","article_modified_time":"2020-04-23T13:48:12+00:00","og_image":[{"width":420,"height":66,"url":"https:\/\/brm-conseil.fr\/wp-content\/uploads\/2020\/01\/LinkedIn_Brm-Conseil.png","type":"image\/png"}],"twitter_card":"summary_large_image","twitter_misc":{"Timp estimat pentru citire":"3 minute"},"schema":{"@context":"https:\/\/schema.org","@graph":[{"@type":"Organization","@id":"https:\/\/brm-conseil.fr\/fr\/#organization","name":"BRM Conseil","url":"https:\/\/brm-conseil.fr\/fr\/","sameAs":[],"logo":{"@type":"ImageObject","inLanguage":"ro-RO","@id":"https:\/\/brm-conseil.fr\/fr\/#\/schema\/logo\/image\/","url":"https:\/\/brm-conseil.fr\/wp-content\/uploads\/2019\/06\/logo-brmconseil.png","contentUrl":"https:\/\/brm-conseil.fr\/wp-content\/uploads\/2019\/06\/logo-brmconseil.png","width":420,"height":66,"caption":"BRM Conseil"},"image":{"@id":"https:\/\/brm-conseil.fr\/fr\/#\/schema\/logo\/image\/"}},{"@type":"WebSite","@id":"https:\/\/brm-conseil.fr\/fr\/#website","url":"https:\/\/brm-conseil.fr\/fr\/","name":"BrmConseil","description":"Specialist \u00een recrutare medical\u0103","publisher":{"@id":"https:\/\/brm-conseil.fr\/fr\/#organization"},"potentialAction":[{"@type":"SearchAction","target":{"@type":"EntryPoint","urlTemplate":"https:\/\/brm-conseil.fr\/fr\/?s={search_term_string}"},"query-input":"required name=search_term_string"}],"inLanguage":"ro-RO"},{"@type":"WebPage","@id":"https:\/\/brm-conseil.fr\/fr\/blog-brm-conseil-es\/","url":"https:\/\/brm-conseil.fr\/fr\/blog-brm-conseil-es\/","name":"El blog BRM Conseil, especialista en reclutamiento m\u00e9dico","isPartOf":{"@id":"https:\/\/brm-conseil.fr\/fr\/#website"},"datePublished":"2020-02-10T16:30:33+00:00","dateModified":"2020-04-23T13:48:12+00:00","description":"Encuentre nuestros consejos y las \u00faltimas noticias del sector m\u00e9dico en el blog de informaci\u00f3n y salud de BRM Conseil, especialista en reclutamiento m\u00e9dico","breadcrumb":{"@id":"https:\/\/brm-conseil.fr\/fr\/blog-brm-conseil-es\/#breadcrumb"},"inLanguage":"ro-RO","potentialAction":[{"@type":"ReadAction","target":["https:\/\/brm-conseil.fr\/fr\/blog-brm-conseil-es\/"]}]},{"@type":"BreadcrumbList","@id":"https:\/\/brm-conseil.fr\/fr\/blog-brm-conseil-es\/#breadcrumb","itemListElement":[{"@type":"ListItem","position":1,"name":"Accueil","item":"https:\/\/brm-conseil.fr\/fr\/"},{"@type":"ListItem","position":2,"name":"Blog"}]}]}},"_links":{"self":[{"href":"https:\/\/brm-conseil.fr\/ro\/wp-json\/wp\/v2\/pages\/2680"}],"collection":[{"href":"https:\/\/brm-conseil.fr\/ro\/wp-json\/wp\/v2\/pages"}],"about":[{"href":"https:\/\/brm-conseil.fr\/ro\/wp-json\/wp\/v2\/types\/page"}],"author":[{"embeddable":true,"href":"https:\/\/brm-conseil.fr\/ro\/wp-json\/wp\/v2\/users\/2"}],"replies":[{"embeddable":true,"href":"https:\/\/brm-conseil.fr\/ro\/wp-json\/wp\/v2\/comments?post=2680"}],"version-history":[{"count":5,"href":"https:\/\/brm-conseil.fr\/ro\/wp-json\/wp\/v2\/pages\/2680\/revisions"}],"predecessor-version":[{"id":2888,"href":"https:\/\/brm-conseil.fr\/ro\/wp-json\/wp\/v2\/pages\/2680\/revisions\/2888"}],"wp:attachment":[{"href":"https:\/\/brm-conseil.fr\/ro\/wp-json\/wp\/v2\/media?parent=2680"}],"curies":[{"name":"wp","href":"https:\/\/api.w.org\/{rel}","templated":true}]}}