{"id":16,"date":"2019-06-24T15:30:41","date_gmt":"2019-06-24T13:30:41","guid":{"rendered":"http:\/\/brm-conseil.fr\/?page_id=16"},"modified":"2020-06-03T18:18:23","modified_gmt":"2020-06-03T16:18:23","slug":"blog-brm-conseil","status":"publish","type":"page","link":"https:\/\/brm-conseil.fr\/it\/blog-brm-conseil\/","title":{"rendered":"Blog"},"content":{"rendered":"<p>[et_pb_section fb_built=\u00a0\u00bb1&Prime; admin_label=\u00a0\u00bbPage Title Section\u00a0\u00bb _builder_version=\u00a0\u00bb4.3.2&Prime; use_background_color_gradient=\u00a0\u00bbon\u00a0\u00bb background_color_gradient_start=\u00a0\u00bb#313e47&Prime; background_color_gradient_end=\u00a0\u00bbrgba(49,62,71,0.5)\u00a0\u00bb background_color_gradient_overlays_image=\u00a0\u00bbon\u00a0\u00bb background_image=\u00a0\u00bbhttps:\/\/brm-conseil.fr\/wp-content\/uploads\/2019\/06\/law-firm-24.jpg\u00a0\u00bb custom_padding=\u00a0\u00bb125px||125px||false|false\u00a0\u00bb hover_enabled=\u00a0\u00bb0&Prime;][et_pb_row admin_label=\u00a0\u00bbPage Title Area\u00a0\u00bb _builder_version=\u00a0\u00bb4.0.3&Prime; background_size=\u00a0\u00bbinitial\u00a0\u00bb background_position=\u00a0\u00bbtop_left\u00a0\u00bb background_repeat=\u00a0\u00bbrepeat\u00a0\u00bb width_tablet=\u00a0\u00bb85%\u00a0\u00bb width_phone=\u00a0\u00bb90%\u00a0\u00bb width_last_edited=\u00a0\u00bbon|phone\u00a0\u00bb hover_enabled=\u00a0\u00bb0&Prime;][et_pb_column type=\u00a0\u00bb4_4&Prime; _builder_version=\u00a0\u00bb3.25&Prime; custom_padding=\u00a0\u00bb|||\u00a0\u00bb custom_padding__hover=\u00a0\u00bb|||\u00a0\u00bb][et_pb_text admin_label=\u00a0\u00bbPage Title\u00a0\u00bb _builder_version=\u00a0\u00bb4.3.2&Prime; text_font=\u00a0\u00bb||||||||\u00a0\u00bb text_text_color=\u00a0\u00bb#ffffff\u00a0\u00bb text_font_size=\u00a0\u00bb18px\u00a0\u00bb text_line_height=\u00a0\u00bb2em\u00a0\u00bb header_font=\u00a0\u00bbOpen Sans|700|||||||\u00a0\u00bb header_line_height=\u00a0\u00bb1.6em\u00a0\u00bb text_orientation=\u00a0\u00bbcenter\u00a0\u00bb background_layout=\u00a0\u00bbdark\u00a0\u00bb max_width=\u00a0\u00bb700px\u00a0\u00bb module_alignment=\u00a0\u00bbcenter\u00a0\u00bb custom_margin=\u00a0\u00bb||30px||false|false\u00a0\u00bb animation_style=\u00a0\u00bbfade\u00a0\u00bb hover_enabled=\u00a0\u00bb0&Prime; header_font_size_tablet=\u00a0\u00bb40px\u00a0\u00bb header_font_size_phone=\u00a0\u00bb\u00a0\u00bb header_font_size_last_edited=\u00a0\u00bbon|desktop\u00a0\u00bb]<\/p>\n<h1>\u00a0Le blog BRM Conseil<\/h1>\n<p>[\/et_pb_text][et_pb_text _builder_version=\u00a0\u00bb4.0.3&Prime; text_text_color=\u00a0\u00bb#ffffff\u00a0\u00bb text_font_size=\u00a0\u00bb22px\u00a0\u00bb text_line_height=\u00a0\u00bb1.8em\u00a0\u00bb text_orientation=\u00a0\u00bbcenter\u00a0\u00bb width_tablet=\u00a0\u00bb\u00a0\u00bb width_phone=\u00a0\u00bb\u00a0\u00bb width_last_edited=\u00a0\u00bbon|phone\u00a0\u00bb text_font_size_tablet=\u00a0\u00bb20px\u00a0\u00bb text_font_size_phone=\u00a0\u00bb16px\u00a0\u00bb text_font_size_last_edited=\u00a0\u00bbon|phone\u00a0\u00bb]<\/p>\n<p>Restez inform\u00e9s des derni\u00e8res actualit\u00e9s du monde de la m\u00e9decine et du <strong>recrutement m\u00e9dical<\/strong> avec notre blog <a href=\"https:\/\/brm-conseil.fr\/\">BRM Conseil<\/a>.<\/p>\n<p>[\/et_pb_text][\/et_pb_column][\/et_pb_row][\/et_pb_section][et_pb_section fb_built=\u00a0\u00bb1&Prime; custom_padding_last_edited=\u00a0\u00bbon|desktop\u00a0\u00bb admin_label=\u00a0\u00bbLatest News Section\u00a0\u00bb _builder_version=\u00a0\u00bb4.0.3&Prime; background_color=\u00a0\u00bb#f7f7f7&Prime; custom_padding=\u00a0\u00bb40px||140px||false|false\u00a0\u00bb custom_padding_tablet=\u00a0\u00bb\u00a0\u00bb custom_padding_phone=\u00a0\u00bb\u00a0\u00bb][et_pb_row _builder_version=\u00a0\u00bb3.25.2&Prime; max_width=\u00a0\u00bb1280px\u00a0\u00bb][et_pb_column type=\u00a0\u00bb4_4&Prime; _builder_version=\u00a0\u00bb3.25.2&Prime;][et_pb_text _builder_version=\u00a0\u00bb3.27.4&Prime; header_font=\u00a0\u00bb||||||||\u00a0\u00bb header_2_font=\u00a0\u00bb|600|||||||\u00a0\u00bb header_2_text_color=\u00a0\u00bb#0c71c3&Prime;]<\/p>\n<h2 style=\"text-align: center;\">Nos derniers articles<\/h2>\n<p>[\/et_pb_text][et_pb_divider color=\u00a0\u00bb#0c71c3&Prime; divider_weight=\u00a0\u00bb4px\u00a0\u00bb _builder_version=\u00a0\u00bb3.25.2&Prime; width=\u00a0\u00bb7%\u00a0\u00bb width_tablet=\u00a0\u00bb10%\u00a0\u00bb width_phone=\u00a0\u00bb15%\u00a0\u00bb width_last_edited=\u00a0\u00bbon|desktop\u00a0\u00bb module_alignment=\u00a0\u00bbcenter\u00a0\u00bb custom_margin=\u00a0\u00bb-30px||\u00a0\u00bb][\/et_pb_divider][\/et_pb_column][\/et_pb_row][et_pb_row admin_label=\u00a0\u00bbLatest News Area\u00a0\u00bb _builder_version=\u00a0\u00bb3.25.2&Prime; max_width=\u00a0\u00bb1280px\u00a0\u00bb custom_padding=\u00a0\u00bb20px||0px|\u00a0\u00bb use_custom_width=\u00a0\u00bbon\u00a0\u00bb custom_width_px=\u00a0\u00bb1280px\u00a0\u00bb][et_pb_column type=\u00a0\u00bb4_4&Prime; _builder_version=\u00a0\u00bb3.25&Prime; custom_padding=\u00a0\u00bb|||\u00a0\u00bb custom_padding__hover=\u00a0\u00bb|||\u00a0\u00bb][et_pb_blog fullwidth=\u00a0\u00bboff\u00a0\u00bb posts_number=\u00a0\u00bb9&Prime; include_categories=\u00a0\u00bball\u00a0\u00bb meta_date=\u00a0\u00bbj F Y\u00a0\u00bb show_more=\u00a0\u00bbon\u00a0\u00bb show_author=\u00a0\u00bboff\u00a0\u00bb _builder_version=\u00a0\u00bb4.0.3&Prime; header_font=\u00a0\u00bbOpen Sans|600|||||||\u00a0\u00bb header_line_height=\u00a0\u00bb1.4em\u00a0\u00bb body_font=\u00a0\u00bb||||||||\u00a0\u00bb body_line_height=\u00a0\u00bb1.9em\u00a0\u00bb meta_font=\u00a0\u00bb||||||||\u00a0\u00bb meta_text_color=\u00a0\u00bb#dddddd\u00a0\u00bb pagination_font=\u00a0\u00bb|700||on|||||\u00a0\u00bb pagination_text_color=\u00a0\u00bb#0c71c3&Prime; pagination_font_size=\u00a0\u00bb16px\u00a0\u00bb pagination_letter_spacing=\u00a0\u00bb1px\u00a0\u00bb animation_style=\u00a0\u00bbfade\u00a0\u00bb border_width_all=\u00a0\u00bb0px\u00a0\u00bb border_color_all=\u00a0\u00bb#d8d8d8&Prime; border_style_all=\u00a0\u00bbsolid\u00a0\u00bb border_width_all_fullwidth=\u00a0\u00bb1px\u00a0\u00bb border_color_all_fullwidth=\u00a0\u00bb#d8d8d8&Prime; border_style_all_fullwidth=\u00a0\u00bbsolid\u00a0\u00bb box_shadow_style=\u00a0\u00bbpreset1&Prime; box_shadow_vertical=\u00a0\u00bb15px\u00a0\u00bb box_shadow_blur=\u00a0\u00bb60px\u00a0\u00bb box_shadow_color=\u00a0\u00bbrgba(29,61,71,0.2)\u00a0\u00bb use_border_color=\u00a0\u00bbon\u00a0\u00bb][\/et_pb_blog][\/et_pb_column][\/et_pb_row][\/et_pb_section]<\/p>\n","protected":false},"excerpt":{"rendered":"<p>\u00a0Le blog BRM ConseilRestez inform\u00e9s des derni\u00e8res actualit\u00e9s du monde de la m\u00e9decine et du recrutement m\u00e9dical avec notre blog BRM Conseil.Nos derniers articles<\/p>","protected":false},"author":2,"featured_media":0,"parent":0,"menu_order":0,"comment_status":"closed","ping_status":"closed","template":"","meta":{"_et_pb_use_builder":"on","_et_pb_old_content":"<!-- wp:divi\/placeholder \/-->","_et_gb_content_width":""},"yoast_head":"<!-- This site is optimized with the Yoast SEO plugin v19.4 - https:\/\/yoast.com\/wordpress\/plugins\/seo\/ -->\n<title>Le blog BRM Conseil, sp\u00e9cialiste du recrutement m\u00e9dical<\/title>\n<meta name=\"description\" content=\"Retrouvez nos conseils et derni\u00e8res actualit\u00e9s du secteur m\u00e9dical sur le blog info et sant\u00e9 de BRM Conseil, sp\u00e9cialiste dans le recrutement m\u00e9dical\" \/>\n<meta name=\"robots\" content=\"index, follow, max-snippet:-1, max-image-preview:large, max-video-preview:-1\" \/>\n<link rel=\"canonical\" href=\"https:\/\/brm-conseil.fr\/it\/wp-json\/wp\/v2\/pages\/16\" \/>\n<meta property=\"og:locale\" content=\"it_IT\" \/>\n<meta property=\"og:type\" content=\"article\" \/>\n<meta property=\"og:title\" content=\"Le blog BRM Conseil, sp\u00e9cialiste du recrutement m\u00e9dical\" \/>\n<meta property=\"og:description\" content=\"Retrouvez nos conseils et derni\u00e8res actualit\u00e9s du secteur m\u00e9dical sur le blog info et sant\u00e9 de BRM Conseil, sp\u00e9cialiste dans le recrutement m\u00e9dical\" \/>\n<meta property=\"og:url\" content=\"https:\/\/brm-conseil.fr\/it\/wp-json\/wp\/v2\/pages\/16\" \/>\n<meta property=\"og:site_name\" content=\"BRM Conseil\" \/>\n<meta property=\"article:modified_time\" content=\"2020-06-03T16:18:23+00:00\" \/>\n<meta property=\"og:image\" content=\"https:\/\/brm-conseil.fr\/wp-content\/uploads\/2020\/01\/LinkedIn_Brm-Conseil.png\" \/>\n\t<meta property=\"og:image:width\" content=\"420\" \/>\n\t<meta property=\"og:image:height\" content=\"66\" \/>\n\t<meta property=\"og:image:type\" content=\"image\/png\" \/>\n<meta name=\"twitter:card\" content=\"summary_large_image\" \/>\n<meta name=\"twitter:label1\" content=\"Tempo di lettura stimato\" \/>\n\t<meta name=\"twitter:data1\" content=\"3 minuti\" \/>\n<script type=\"application\/ld+json\" class=\"yoast-schema-graph\">{\"@context\":\"https:\/\/schema.org\",\"@graph\":[{\"@type\":\"Organization\",\"@id\":\"https:\/\/brm-conseil.fr\/fr\/#organization\",\"name\":\"BRM Conseil\",\"url\":\"https:\/\/brm-conseil.fr\/fr\/\",\"sameAs\":[],\"logo\":{\"@type\":\"ImageObject\",\"inLanguage\":\"it-IT\",\"@id\":\"https:\/\/brm-conseil.fr\/fr\/#\/schema\/logo\/image\/\",\"url\":\"https:\/\/brm-conseil.fr\/wp-content\/uploads\/2019\/06\/logo-brmconseil.png\",\"contentUrl\":\"https:\/\/brm-conseil.fr\/wp-content\/uploads\/2019\/06\/logo-brmconseil.png\",\"width\":420,\"height\":66,\"caption\":\"BRM Conseil\"},\"image\":{\"@id\":\"https:\/\/brm-conseil.fr\/fr\/#\/schema\/logo\/image\/\"}},{\"@type\":\"WebSite\",\"@id\":\"https:\/\/brm-conseil.fr\/fr\/#website\",\"url\":\"https:\/\/brm-conseil.fr\/fr\/\",\"name\":\"BrmConseil\",\"description\":\"Sp\u00e9cialiste du recrutement m\u00e9dical\",\"publisher\":{\"@id\":\"https:\/\/brm-conseil.fr\/fr\/#organization\"},\"potentialAction\":[{\"@type\":\"SearchAction\",\"target\":{\"@type\":\"EntryPoint\",\"urlTemplate\":\"https:\/\/brm-conseil.fr\/fr\/?s={search_term_string}\"},\"query-input\":\"required name=search_term_string\"}],\"inLanguage\":\"it-IT\"},{\"@type\":\"WebPage\",\"@id\":\"https:\/\/brm-conseil.fr\/it\/blog-brm-conseil\/\",\"url\":\"https:\/\/brm-conseil.fr\/it\/blog-brm-conseil\/\",\"name\":\"Le blog BRM Conseil, sp\u00e9cialiste du recrutement m\u00e9dical\",\"isPartOf\":{\"@id\":\"https:\/\/brm-conseil.fr\/fr\/#website\"},\"datePublished\":\"2019-06-24T13:30:41+00:00\",\"dateModified\":\"2020-06-03T16:18:23+00:00\",\"description\":\"Retrouvez nos conseils et derni\u00e8res actualit\u00e9s du secteur m\u00e9dical sur le blog info et sant\u00e9 de BRM Conseil, sp\u00e9cialiste dans le recrutement m\u00e9dical\",\"breadcrumb\":{\"@id\":\"https:\/\/brm-conseil.fr\/it\/blog-brm-conseil\/#breadcrumb\"},\"inLanguage\":\"it-IT\",\"potentialAction\":[{\"@type\":\"ReadAction\",\"target\":[\"https:\/\/brm-conseil.fr\/it\/blog-brm-conseil\/\"]}]},{\"@type\":\"BreadcrumbList\",\"@id\":\"https:\/\/brm-conseil.fr\/it\/blog-brm-conseil\/#breadcrumb\",\"itemListElement\":[{\"@type\":\"ListItem\",\"position\":1,\"name\":\"Accueil\",\"item\":\"https:\/\/brm-conseil.fr\/fr\/\"},{\"@type\":\"ListItem\",\"position\":2,\"name\":\"Blog\"}]}]}<\/script>\n<!-- \/ Yoast SEO plugin. -->","yoast_head_json":{"title":"Le blog BRM Conseil, sp\u00e9cialiste du recrutement m\u00e9dical","description":"Retrouvez nos conseils et derni\u00e8res actualit\u00e9s du secteur m\u00e9dical sur le blog info et sant\u00e9 de BRM Conseil, sp\u00e9cialiste dans le recrutement m\u00e9dical","robots":{"index":"index","follow":"follow","max-snippet":"max-snippet:-1","max-image-preview":"max-image-preview:large","max-video-preview":"max-video-preview:-1"},"canonical":"https:\/\/brm-conseil.fr\/it\/wp-json\/wp\/v2\/pages\/16","og_locale":"it_IT","og_type":"article","og_title":"Le blog BRM Conseil, sp\u00e9cialiste du recrutement m\u00e9dical","og_description":"Retrouvez nos conseils et derni\u00e8res actualit\u00e9s du secteur m\u00e9dical sur le blog info et sant\u00e9 de BRM Conseil, sp\u00e9cialiste dans le recrutement m\u00e9dical","og_url":"https:\/\/brm-conseil.fr\/it\/wp-json\/wp\/v2\/pages\/16","og_site_name":"BRM Conseil","article_modified_time":"2020-06-03T16:18:23+00:00","og_image":[{"width":420,"height":66,"url":"https:\/\/brm-conseil.fr\/wp-content\/uploads\/2020\/01\/LinkedIn_Brm-Conseil.png","type":"image\/png"}],"twitter_card":"summary_large_image","twitter_misc":{"Tempo di lettura stimato":"3 minuti"},"schema":{"@context":"https:\/\/schema.org","@graph":[{"@type":"Organization","@id":"https:\/\/brm-conseil.fr\/fr\/#organization","name":"BRM Conseil","url":"https:\/\/brm-conseil.fr\/fr\/","sameAs":[],"logo":{"@type":"ImageObject","inLanguage":"it-IT","@id":"https:\/\/brm-conseil.fr\/fr\/#\/schema\/logo\/image\/","url":"https:\/\/brm-conseil.fr\/wp-content\/uploads\/2019\/06\/logo-brmconseil.png","contentUrl":"https:\/\/brm-conseil.fr\/wp-content\/uploads\/2019\/06\/logo-brmconseil.png","width":420,"height":66,"caption":"BRM Conseil"},"image":{"@id":"https:\/\/brm-conseil.fr\/fr\/#\/schema\/logo\/image\/"}},{"@type":"WebSite","@id":"https:\/\/brm-conseil.fr\/fr\/#website","url":"https:\/\/brm-conseil.fr\/fr\/","name":"BrmConseil","description":"Specialista in reclutamento medico","publisher":{"@id":"https:\/\/brm-conseil.fr\/fr\/#organization"},"potentialAction":[{"@type":"SearchAction","target":{"@type":"EntryPoint","urlTemplate":"https:\/\/brm-conseil.fr\/fr\/?s={search_term_string}"},"query-input":"required name=search_term_string"}],"inLanguage":"it-IT"},{"@type":"WebPage","@id":"https:\/\/brm-conseil.fr\/it\/blog-brm-conseil\/","url":"https:\/\/brm-conseil.fr\/it\/blog-brm-conseil\/","name":"Le blog BRM Conseil, sp\u00e9cialiste du recrutement m\u00e9dical","isPartOf":{"@id":"https:\/\/brm-conseil.fr\/fr\/#website"},"datePublished":"2019-06-24T13:30:41+00:00","dateModified":"2020-06-03T16:18:23+00:00","description":"Retrouvez nos conseils et derni\u00e8res actualit\u00e9s du secteur m\u00e9dical sur le blog info et sant\u00e9 de BRM Conseil, sp\u00e9cialiste dans le recrutement m\u00e9dical","breadcrumb":{"@id":"https:\/\/brm-conseil.fr\/it\/blog-brm-conseil\/#breadcrumb"},"inLanguage":"it-IT","potentialAction":[{"@type":"ReadAction","target":["https:\/\/brm-conseil.fr\/it\/blog-brm-conseil\/"]}]},{"@type":"BreadcrumbList","@id":"https:\/\/brm-conseil.fr\/it\/blog-brm-conseil\/#breadcrumb","itemListElement":[{"@type":"ListItem","position":1,"name":"Accueil","item":"https:\/\/brm-conseil.fr\/fr\/"},{"@type":"ListItem","position":2,"name":"Blog"}]}]}},"_links":{"self":[{"href":"https:\/\/brm-conseil.fr\/it\/wp-json\/wp\/v2\/pages\/16"}],"collection":[{"href":"https:\/\/brm-conseil.fr\/it\/wp-json\/wp\/v2\/pages"}],"about":[{"href":"https:\/\/brm-conseil.fr\/it\/wp-json\/wp\/v2\/types\/page"}],"author":[{"embeddable":true,"href":"https:\/\/brm-conseil.fr\/it\/wp-json\/wp\/v2\/users\/2"}],"replies":[{"embeddable":true,"href":"https:\/\/brm-conseil.fr\/it\/wp-json\/wp\/v2\/comments?post=16"}],"version-history":[{"count":32,"href":"https:\/\/brm-conseil.fr\/it\/wp-json\/wp\/v2\/pages\/16\/revisions"}],"predecessor-version":[{"id":4893,"href":"https:\/\/brm-conseil.fr\/it\/wp-json\/wp\/v2\/pages\/16\/revisions\/4893"}],"wp:attachment":[{"href":"https:\/\/brm-conseil.fr\/it\/wp-json\/wp\/v2\/media?parent=16"}],"curies":[{"name":"wp","href":"https:\/\/api.w.org\/{rel}","templated":true}]}}